{"id":270,"date":"2015-06-27T06:43:20","date_gmt":"2015-06-27T06:43:20","guid":{"rendered":"https:\/\/appointment.webriti.com\/?page_id=7"},"modified":"2022-01-27T23:52:16","modified_gmt":"2022-01-27T20:52:16","slug":"about-us","status":"publish","type":"page","link":"http:\/\/www.masajkoltuguteknikservisi.com\/index.php\/about-us\/","title":{"rendered":"Hakk\u0131m\u0131zda"},"content":{"rendered":"<div class=\"row\">\n<div class=\"col-md-6\"><img loading=\"lazy\" class=\"alignnone size-medium wp-image-256\" src=\"http:\/\/www.masajkoltuguteknikservisi.com\/wp-content\/uploads\/2021\/06\/new-business-project-PZ5EYKS-300x200.jpg\" alt=\"\" width=\"300\" height=\"200\" srcset=\"http:\/\/www.masajkoltuguteknikservisi.com\/wp-content\/uploads\/2021\/06\/new-business-project-PZ5EYKS-300x200.jpg 300w, http:\/\/www.masajkoltuguteknikservisi.com\/wp-content\/uploads\/2021\/06\/new-business-project-PZ5EYKS-1024x683.jpg 1024w, http:\/\/www.masajkoltuguteknikservisi.com\/wp-content\/uploads\/2021\/06\/new-business-project-PZ5EYKS-768x512.jpg 768w, http:\/\/www.masajkoltuguteknikservisi.com\/wp-content\/uploads\/2021\/06\/new-business-project-PZ5EYKS-1536x1024.jpg 1536w, http:\/\/www.masajkoltuguteknikservisi.com\/wp-content\/uploads\/2021\/06\/new-business-project-PZ5EYKS.jpg 1920w\" sizes=\"(max-width: 300px) 100vw, 300px\" \/><\/div>\n<div class=\"col-md-6\">\n<p>Misyonumuz; Masaj\u0131n sa\u011fl\u0131kl\u0131 ya\u015fam\u0131n bir par\u00e7as\u0131 oldu\u011funu, geli\u015fmi\u015f \u00fclkelerdeki masaj koltu\u011fu kullan\u0131m oranlar\u0131na bakt\u0131\u011f\u0131m\u0131zda a\u00e7\u0131k\u00e7a g\u00f6rmekteyiz. Amac\u0131m\u0131z, masaj\u0131n insan anatomisine ve ya\u015fam kalitesine olumlu etkilerini anlatarak; Ki\u015filerin bu konfora do\u011fru \u00fcr\u00fcn se\u00e7enelekleri ile ula\u015fmas\u0131n\u0131 sa\u011flamakt\u0131r.<\/p>\n<p>Vizyonumuz:<br \/>\nM\u00fc\u015fterilerine do\u011fru masaj koltu\u011fu ve \u00fcr\u00fcnleri sunarak m\u00fc\u015fterilerinin g\u00fcvenini kazanan ER-SA ; \u0130nsanlar\u0131 hen\u00fcz sa\u011fl\u0131kl\u0131yken d\u00fczenli masajla tan\u0131\u015ft\u0131r\u0131p, benimsedi\u011fi bu vizyon \u00e7er\u00e7evesinde sa\u011fl\u0131k problemlerini olu\u015fmadan engellemeyi ama\u00e7lamaktad\u0131r.<\/p>\n<p>MASAJ KOLTU\u011eU ALMAK B\u0130R SA\u011eLIK YATIRIMIDIR.<br \/>\nFizik tedavi ve rehabilitasyon konusunda uzman doktorlar ile s\u00fcrd\u00fcrd\u00fc\u011f\u00fcm\u00fcz ileti\u015fim sayesinde; Sa\u011fl\u0131k problemleri ya\u015fayan ki\u015filere, tedavilerinde yard\u0131mc\u0131 olabilecek masaj teknikleri ile donat\u0131lan \u00fcr\u00fcnlerin tercihinde rehberlik etmektir. Bu vizyon \u00e7er\u00e7evesinde, Manuel terapi y\u00f6ntemlerinin evinizde de s\u00fcreklili\u011fini sa\u011flay\u0131p, sa\u011fl\u0131\u011f\u0131n korunmas\u0131n\u0131 ama\u00e7lamaktay\u0131z.<\/p>\n<\/div>\n<\/div>\n<div class=\"row\">\n<div class=\"col-md-6\"><img loading=\"lazy\" class=\"alignnone size-medium wp-image-38\" src=\"http:\/\/www.masajkoltuguteknikservisi.com\/wp-content\/uploads\/2018\/06\/lp-6300-masaj-koltugu-280x300.jpg\" alt=\"\" width=\"280\" height=\"300\" srcset=\"http:\/\/www.masajkoltuguteknikservisi.com\/wp-content\/uploads\/2018\/06\/lp-6300-masaj-koltugu-280x300.jpg 280w, http:\/\/www.masajkoltuguteknikservisi.com\/wp-content\/uploads\/2018\/06\/lp-6300-masaj-koltugu-768x822.jpg 768w, http:\/\/www.masajkoltuguteknikservisi.com\/wp-content\/uploads\/2018\/06\/lp-6300-masaj-koltugu.jpg 800w\" sizes=\"(max-width: 280px) 100vw, 280px\" \/><\/div>\n<\/div>\n","protected":false},"excerpt":{"rendered":"<div class=\"slide-text-bg2\"><span>Misyonumuz; Masaj\u0131n sa\u011fl\u0131kl\u0131 ya\u015fam\u0131n bir par\u00e7as\u0131 oldu\u011funu, geli\u015fmi\u015f \u00fclkelerdeki masaj koltu\u011fu kullan\u0131m oranlar\u0131na bakt\u0131\u011f\u0131m\u0131zda a\u00e7\u0131k\u00e7a<\/span><\/div>\n<div class=\"slide-btn-area-sm\"><a href=\"http:\/\/www.masajkoltuguteknikservisi.com\/index.php\/about-us\/\" class=\"slide-btn-sm\">Devam\u0131n\u0131 oku<\/a><\/div>\n","protected":false},"author":1,"featured_media":0,"parent":0,"menu_order":0,"comment_status":"closed","ping_status":"closed","template":"fullwidth.php","meta":{"_mi_skip_tracking":false},"_links":{"self":[{"href":"http:\/\/www.masajkoltuguteknikservisi.com\/index.php\/wp-json\/wp\/v2\/pages\/270"}],"collection":[{"href":"http:\/\/www.masajkoltuguteknikservisi.com\/index.php\/wp-json\/wp\/v2\/pages"}],"about":[{"href":"http:\/\/www.masajkoltuguteknikservisi.com\/index.php\/wp-json\/wp\/v2\/types\/page"}],"author":[{"embeddable":true,"href":"http:\/\/www.masajkoltuguteknikservisi.com\/index.php\/wp-json\/wp\/v2\/users\/1"}],"replies":[{"embeddable":true,"href":"http:\/\/www.masajkoltuguteknikservisi.com\/index.php\/wp-json\/wp\/v2\/comments?post=270"}],"version-history":[{"count":2,"href":"http:\/\/www.masajkoltuguteknikservisi.com\/index.php\/wp-json\/wp\/v2\/pages\/270\/revisions"}],"predecessor-version":[{"id":396,"href":"http:\/\/www.masajkoltuguteknikservisi.com\/index.php\/wp-json\/wp\/v2\/pages\/270\/revisions\/396"}],"wp:attachment":[{"href":"http:\/\/www.masajkoltuguteknikservisi.com\/index.php\/wp-json\/wp\/v2\/media?parent=270"}],"curies":[{"name":"wp","href":"https:\/\/api.w.org\/{rel}","templated":true}]}}